{"id":3225,"date":"2023-07-07T14:33:17","date_gmt":"2023-07-07T12:33:17","guid":{"rendered":"https:\/\/sport-jugend-dresden.de\/spielkiste\/?post_type=product&#038;p=3225"},"modified":"2024-04-15T12:32:09","modified_gmt":"2024-04-15T10:32:09","slug":"treffspiel-adlerschiessen","status":"publish","type":"product","link":"https:\/\/sport-jugend-dresden.de\/spielkiste\/produkt\/treffspiel-adlerschiessen\/","title":{"rendered":"Treffspiel-Adlerschie\u00dfen"},"content":{"rendered":"<p>Der Adler mit Armbrust ist ein wunderbares Spielzeug zum Wettschie\u00dfen, das f\u00fcr lang andauernden und kurzweiligen Spielspa\u00df sorgt. Ziel des Vogelschie\u00dfens ist es den Adler durch die mitgelieferten Pfeile zu treffen und dadurch die gesteckten Teile der Zielscheibe abzuschie\u00dfen. Da mehrmals auf ein Teil geschossen werden muss, bevor dieses abf\u00e4llt, erh\u00f6ht sich die Spannung des Spieles. Das Spiel kann nach wenigen Handgriffen beginnen. Daf\u00fcr sorgen die einfache Montage der Armbrust und das unkomplizierte Aufstellen des Zieles.<br \/>\nEs handelt sich um ein traditionelles Spiel aus der Oberlausitz. Es wird hier auch von Erwachsenen in \u00e4hnlicher Form zu Festen auf Holzadler auf Holzst\u00e4mmen praktiziert. Der Gewinner darf jeweils der Gesellschaft eine Runde spendieren.<\/p>\n<p>Schie\u00dfen nur auf die Zielscheibe bzw. vergleichbare Unterlage! Nur die f\u00fcr diesen Artikel vorgesehenen Sicherheitspfeile verwenden! Die Gummikappen NICHT entfernen &#8211; hohe Verletzungsgefahr! Die Sehne nicht verk\u00fcrzen, da dadurch die Zugkraft erh\u00f6ht wird! NIEMALS mit den Pfeilen auf Menschen oder Tiere zielen\/schie\u00dfen, da dies zu Verletzungen f\u00fchren kann!<\/p>\n<p><b>Inhalt:<\/b><\/p>\n<ul>\n<li>1 KS Stephan Adlerschie\u00dfen, Klassik Set, bestehend aus:<\/li>\n<li>1 Armbrust aus Holz<\/li>\n<li>6 Pfeile mit Gummischutz<\/li>\n<li>1 Adler als Zielscheibe inklusive Halterung<\/li>\n<\/ul>\n<p><b>Material<\/b><\/p>\n<ul>\n<li>Buchenholz<\/li>\n<li>Holz<\/li>\n<li>Pappe<\/li>\n<li>Bogen und Abzugshahn: Polymer<\/li>\n<\/ul>\n<p><b>Ma\u00dfe<\/b><\/p>\n<ul>\n<li>L\u00e4nge:\u00a052 cm<\/li>\n<li>Breite:\u00a048 cm<\/li>\n<li>H\u00f6he:\u00a050 cm<\/li>\n<li>Armbrustl\u00e4nge: 5.2 cm<\/li>\n<li>Spannweite: 4.6 cm<\/li>\n<li>Zielscheibenh\u00f6he: 5 cm<\/li>\n<li>Armbrustl\u00e4nge x Spannweite: 52 x 46 cm<\/li>\n<li>Zielscheibe Breite x H\u00f6he: 47 x 50 cm<\/li>\n<li>Pfeill\u00e4nge: 15 cm<\/li>\n<\/ul>\n<p><strong>Lagerbestand: 2x<\/strong><\/p>\n","protected":false},"excerpt":{"rendered":"<p>Der Adler mit Armbrust ist ein wunderbares Spielzeug zum Wettschie\u00dfen, das f\u00fcr lang andauernden und kurzweiligen Spielspa\u00df sorgt. Ziel des Vogelschie\u00dfens ist es den Adler durch die mitgelieferten Pfeile zu treffen und dadurch die gesteckten Teile der Zielscheibe abzuschie\u00dfen. Da mehrmals auf ein Teil geschossen werden muss, bevor dieses abf\u00e4llt, erh\u00f6ht sich die Spannung des [&hellip;]<\/p>\n","protected":false},"featured_media":3226,"template":"","meta":[],"product_brand":[],"product_cat":[89],"product_tag":[],"class_list":{"0":"post-3225","1":"product","2":"type-product","3":"status-publish","4":"has-post-thumbnail","6":"product_cat-unkategorisiert","8":"first","9":"instock","10":"purchasable","11":"product-type-simple"},"_links":{"self":[{"href":"https:\/\/sport-jugend-dresden.de\/spielkiste\/wp-json\/wp\/v2\/product\/3225","targetHints":{"allow":["GET"]}}],"collection":[{"href":"https:\/\/sport-jugend-dresden.de\/spielkiste\/wp-json\/wp\/v2\/product"}],"about":[{"href":"https:\/\/sport-jugend-dresden.de\/spielkiste\/wp-json\/wp\/v2\/types\/product"}],"version-history":[{"count":3,"href":"https:\/\/sport-jugend-dresden.de\/spielkiste\/wp-json\/wp\/v2\/product\/3225\/revisions"}],"predecessor-version":[{"id":3292,"href":"https:\/\/sport-jugend-dresden.de\/spielkiste\/wp-json\/wp\/v2\/product\/3225\/revisions\/3292"}],"wp:featuredmedia":[{"embeddable":true,"href":"https:\/\/sport-jugend-dresden.de\/spielkiste\/wp-json\/wp\/v2\/media\/3226"}],"wp:attachment":[{"href":"https:\/\/sport-jugend-dresden.de\/spielkiste\/wp-json\/wp\/v2\/media?parent=3225"}],"wp:term":[{"taxonomy":"product_brand","embeddable":true,"href":"https:\/\/sport-jugend-dresden.de\/spielkiste\/wp-json\/wp\/v2\/product_brand?post=3225"},{"taxonomy":"product_cat","embeddable":true,"href":"https:\/\/sport-jugend-dresden.de\/spielkiste\/wp-json\/wp\/v2\/product_cat?post=3225"},{"taxonomy":"product_tag","embeddable":true,"href":"https:\/\/sport-jugend-dresden.de\/spielkiste\/wp-json\/wp\/v2\/product_tag?post=3225"}],"curies":[{"name":"wp","href":"https:\/\/api.w.org\/{rel}","templated":true}]}}