{"id":3005,"date":"2023-05-23T13:22:44","date_gmt":"2023-05-23T11:22:44","guid":{"rendered":"https:\/\/sport-jugend-dresden.de\/spielkiste\/?post_type=product&#038;p=3005"},"modified":"2024-04-15T12:30:45","modified_gmt":"2024-04-15T10:30:45","slug":"panna-arena-round-o488cm","status":"publish","type":"product","link":"https:\/\/sport-jugend-dresden.de\/spielkiste\/produkt\/panna-arena-round-o488cm\/","title":{"rendered":"Panna-ArenA Round \u00f8488cm"},"content":{"rendered":"<p>Panna-Fu\u00dfball ist der neue Trend auf dem Gebiet von Strassenfu\u00dfball und wird immer popul\u00e4rer. Panna ist das Wort, wenn man dem Gegner zwischen den Beine durch<br \/>\nspielt. Beim Panna treten 1 oder 2 Spieler im direkten Duell gegen einander an. Mit sch\u00f6nen Fu\u00dfballtricks versucht man die Gegner zu \u00fcberrasschen. Ein gro\u00dfer<br \/>\nUnterschied ist, dass das Spiel immer weitergehen kann, weil der Ball nicht &#8222;hinten&#8220; raus gehen kann. Was man macht bei Panna, den Ball via Wand an die Seiten der<br \/>\nbeiden Tore zu spielen.<\/p>\n<p>Pannapl\u00e4tze findet man fast nur auf professionellen Outdoor Pl\u00e4tzen, aber mit diesem EXIT Panna-ArenA hat EXIT Toys ein Produkt entwickelt, dass man auch zu Hause im<br \/>\nGarten nutzen kann. Und auch noch zu einem sehr interessanten Preis! Die Boarding sind aus Metall-Rahmen die galvanisiert und pulverbeschichtet sind. Die innen Seiten<br \/>\nsind verkleidet mit schwarze PVC Panele. Die Boarding besteht aus einem Steck-System und daher einfach auf- und abzubauen da ohne Schrauben gearbeitet werden kann.<br \/>\nDie beide Tore sind v\u00f6llig integriert in die Boarding und bestehen auch aus Metall-Rahmen und mit einem sehr starken schwarzes Netz. Es sieht einfach sehr cool aus!<\/p>\n<p>Das Netz des Panna-Feldes sorgt daf\u00fcr, dass der Ball w\u00e4hrend des Spiels in der Arena bleibt.\u00a0Mit Hilfe eines Rei\u00dfverschlusses k\u00f6nnen Sie den Eingang ganz einfach \u00f6ffnen und schlie\u00dfen.\u00a0Die Pfosten des Netzes sind mit hochwertigem Schaumstoff beschichtet, so dass du dich nicht verletzen kannst, wenn du w\u00e4hrend eines spannenden Panna-Kampfes auf das Netz triffst.<\/p>\n<p>Das EXIT Panna-ArenA kann auf jedem Typ Boden gen\u00fctzt werden wo man auch Fu\u00dfball spielen kann. Z.B. auf Rasen oder auf Steine.<\/p>\n<p>Details:<\/p>\n<ul>\n<li>Durchmesser: 488 cm<\/li>\n<li>Gewicht: 75 kg<\/li>\n<\/ul>\n<p><strong>Lagerbestand: 1x<\/strong><\/p>\n<p>&nbsp;<\/p>\n<p>&nbsp;<\/p>\n","protected":false},"excerpt":{"rendered":"<p>Panna-Fu\u00dfball ist der neue Trend auf dem Gebiet von Strassenfu\u00dfball und wird immer popul\u00e4rer. Panna ist das Wort, wenn man dem Gegner zwischen den Beine durch spielt. Beim Panna treten 1 oder 2 Spieler im direkten Duell gegen einander an. Mit sch\u00f6nen Fu\u00dfballtricks versucht man die Gegner zu \u00fcberrasschen. Ein gro\u00dfer Unterschied ist, dass das [&hellip;]<\/p>\n","protected":false},"featured_media":3007,"template":"","meta":[],"product_brand":[],"product_cat":[89],"product_tag":[],"class_list":{"0":"post-3005","1":"product","2":"type-product","3":"status-publish","4":"has-post-thumbnail","6":"product_cat-unkategorisiert","8":"first","9":"instock","10":"purchasable","11":"product-type-simple"},"_links":{"self":[{"href":"https:\/\/sport-jugend-dresden.de\/spielkiste\/wp-json\/wp\/v2\/product\/3005","targetHints":{"allow":["GET"]}}],"collection":[{"href":"https:\/\/sport-jugend-dresden.de\/spielkiste\/wp-json\/wp\/v2\/product"}],"about":[{"href":"https:\/\/sport-jugend-dresden.de\/spielkiste\/wp-json\/wp\/v2\/types\/product"}],"version-history":[{"count":4,"href":"https:\/\/sport-jugend-dresden.de\/spielkiste\/wp-json\/wp\/v2\/product\/3005\/revisions"}],"predecessor-version":[{"id":3291,"href":"https:\/\/sport-jugend-dresden.de\/spielkiste\/wp-json\/wp\/v2\/product\/3005\/revisions\/3291"}],"wp:featuredmedia":[{"embeddable":true,"href":"https:\/\/sport-jugend-dresden.de\/spielkiste\/wp-json\/wp\/v2\/media\/3007"}],"wp:attachment":[{"href":"https:\/\/sport-jugend-dresden.de\/spielkiste\/wp-json\/wp\/v2\/media?parent=3005"}],"wp:term":[{"taxonomy":"product_brand","embeddable":true,"href":"https:\/\/sport-jugend-dresden.de\/spielkiste\/wp-json\/wp\/v2\/product_brand?post=3005"},{"taxonomy":"product_cat","embeddable":true,"href":"https:\/\/sport-jugend-dresden.de\/spielkiste\/wp-json\/wp\/v2\/product_cat?post=3005"},{"taxonomy":"product_tag","embeddable":true,"href":"https:\/\/sport-jugend-dresden.de\/spielkiste\/wp-json\/wp\/v2\/product_tag?post=3005"}],"curies":[{"name":"wp","href":"https:\/\/api.w.org\/{rel}","templated":true}]}}