{"id":2960,"date":"2023-05-23T10:58:01","date_gmt":"2023-05-23T08:58:01","guid":{"rendered":"https:\/\/sport-jugend-dresden.de\/spielkiste\/?post_type=product&#038;p=2960"},"modified":"2024-04-15T13:27:40","modified_gmt":"2024-04-15T11:27:40","slug":"tandem-pedalo","status":"publish","type":"product","link":"https:\/\/sport-jugend-dresden.de\/spielkiste\/produkt\/tandem-pedalo\/","title":{"rendered":"Tandem-Pedalo"},"content":{"rendered":"<p>bietet Platz f\u00fcr 2 &#8211; 3 Personen (Kinder) und f\u00f6rdert die Koordination mit anderen Tandem-Pedalo-Fahrern.<\/p>\n<p>L\u00e4nge: 100cm<\/p>\n<p><strong>Lagerbestand: 2x<\/strong><\/p>\n","protected":false},"excerpt":{"rendered":"<p>bietet Platz f\u00fcr 2 &#8211; 3 Personen (Kinder) und f\u00f6rdert die Koordination mit anderen Tandem-Pedalo-Fahrern. L\u00e4nge: 100cm Lagerbestand: 2x<\/p>\n","protected":false},"featured_media":3222,"template":"","meta":[],"product_brand":[],"product_cat":[89],"product_tag":[],"class_list":{"0":"post-2960","1":"product","2":"type-product","3":"status-publish","4":"has-post-thumbnail","6":"product_cat-unkategorisiert","8":"first","9":"instock","10":"purchasable","11":"product-type-simple"},"_links":{"self":[{"href":"https:\/\/sport-jugend-dresden.de\/spielkiste\/wp-json\/wp\/v2\/product\/2960","targetHints":{"allow":["GET"]}}],"collection":[{"href":"https:\/\/sport-jugend-dresden.de\/spielkiste\/wp-json\/wp\/v2\/product"}],"about":[{"href":"https:\/\/sport-jugend-dresden.de\/spielkiste\/wp-json\/wp\/v2\/types\/product"}],"version-history":[{"count":3,"href":"https:\/\/sport-jugend-dresden.de\/spielkiste\/wp-json\/wp\/v2\/product\/2960\/revisions"}],"predecessor-version":[{"id":3317,"href":"https:\/\/sport-jugend-dresden.de\/spielkiste\/wp-json\/wp\/v2\/product\/2960\/revisions\/3317"}],"wp:featuredmedia":[{"embeddable":true,"href":"https:\/\/sport-jugend-dresden.de\/spielkiste\/wp-json\/wp\/v2\/media\/3222"}],"wp:attachment":[{"href":"https:\/\/sport-jugend-dresden.de\/spielkiste\/wp-json\/wp\/v2\/media?parent=2960"}],"wp:term":[{"taxonomy":"product_brand","embeddable":true,"href":"https:\/\/sport-jugend-dresden.de\/spielkiste\/wp-json\/wp\/v2\/product_brand?post=2960"},{"taxonomy":"product_cat","embeddable":true,"href":"https:\/\/sport-jugend-dresden.de\/spielkiste\/wp-json\/wp\/v2\/product_cat?post=2960"},{"taxonomy":"product_tag","embeddable":true,"href":"https:\/\/sport-jugend-dresden.de\/spielkiste\/wp-json\/wp\/v2\/product_tag?post=2960"}],"curies":[{"name":"wp","href":"https:\/\/api.w.org\/{rel}","templated":true}]}}