{"id":2951,"date":"2023-05-22T13:33:29","date_gmt":"2023-05-22T11:33:29","guid":{"rendered":"https:\/\/sport-jugend-dresden.de\/spielkiste\/?post_type=product&#038;p=2951"},"modified":"2024-04-15T13:44:54","modified_gmt":"2024-04-15T11:44:54","slug":"schach-klein","status":"publish","type":"product","link":"https:\/\/sport-jugend-dresden.de\/spielkiste\/produkt\/schach-klein\/","title":{"rendered":"Schach klein"},"content":{"rendered":"<p><strong>Gro\u00dfe Schachfiguren<\/strong><br \/>\nBeim Spielteppich-Set \u201eSchach\u201c sind die Schachfiguren mit im Lieferumfang enthalten. Sie brauchen die Figuren nur aufstellen und die Partie kann beginnen. Die gro\u00dfen Figuren lassen sich prima greifen \u2013 gut f\u00fcr Kinder oder Senioren. Der Figurensatz besteht aus 32 Spielfiguren \u2013 je 16 wei\u00dfe und 16 schwarze Schachfiguren.<\/p>\n<p><strong>Details zur Variante Outdoor-Spielfeld Bodenschach &#8222;Klein&#8220;:<\/strong><\/p>\n<ul class=\"bulletPoints\">\n<li>Gesamtfl\u00e4che Spielfeld: 1,20&#215;1,20 m<\/li>\n<li>Ma\u00dfe Einzelfeld: 15,5&#215;15,5 cm<\/li>\n<li>Materialst\u00e4rke: 0,5 cm<\/li>\n<li>Anzahl Felder: 64<\/li>\n<\/ul>\n<p><strong>Bodenschachfiguren &#8222;Klein&#8220;:<\/strong><\/p>\n<ul class=\"bulletPoints\">\n<li>Standfl\u00e4che \u00f8 12 cm<\/li>\n<li>H\u00f6he Spielfiguren K\u00f6nig: 30 cm, Dame: 29 cm, L\u00e4ufer: 26 cm, Springer: 22 cm, Turm: 21 cm Bauer: 20 cm<\/li>\n<li>Je 16 schwarze und wei\u00dfe Figuren<\/li>\n<\/ul>\n<p><strong>Lagerbestand: 2x<\/strong><\/p>\n","protected":false},"excerpt":{"rendered":"<p>Gro\u00dfe Schachfiguren Beim Spielteppich-Set \u201eSchach\u201c sind die Schachfiguren mit im Lieferumfang enthalten. Sie brauchen die Figuren nur aufstellen und die Partie kann beginnen. Die gro\u00dfen Figuren lassen sich prima greifen \u2013 gut f\u00fcr Kinder oder Senioren. Der Figurensatz besteht aus 32 Spielfiguren \u2013 je 16 wei\u00dfe und 16 schwarze Schachfiguren. Details zur Variante Outdoor-Spielfeld Bodenschach [&hellip;]<\/p>\n","protected":false},"featured_media":2852,"template":"","meta":[],"product_brand":[],"product_cat":[89],"product_tag":[],"class_list":{"0":"post-2951","1":"product","2":"type-product","3":"status-publish","4":"has-post-thumbnail","6":"product_cat-unkategorisiert","8":"first","9":"instock","10":"purchasable","11":"product-type-simple"},"_links":{"self":[{"href":"https:\/\/sport-jugend-dresden.de\/spielkiste\/wp-json\/wp\/v2\/product\/2951","targetHints":{"allow":["GET"]}}],"collection":[{"href":"https:\/\/sport-jugend-dresden.de\/spielkiste\/wp-json\/wp\/v2\/product"}],"about":[{"href":"https:\/\/sport-jugend-dresden.de\/spielkiste\/wp-json\/wp\/v2\/types\/product"}],"version-history":[{"count":2,"href":"https:\/\/sport-jugend-dresden.de\/spielkiste\/wp-json\/wp\/v2\/product\/2951\/revisions"}],"predecessor-version":[{"id":3320,"href":"https:\/\/sport-jugend-dresden.de\/spielkiste\/wp-json\/wp\/v2\/product\/2951\/revisions\/3320"}],"wp:featuredmedia":[{"embeddable":true,"href":"https:\/\/sport-jugend-dresden.de\/spielkiste\/wp-json\/wp\/v2\/media\/2852"}],"wp:attachment":[{"href":"https:\/\/sport-jugend-dresden.de\/spielkiste\/wp-json\/wp\/v2\/media?parent=2951"}],"wp:term":[{"taxonomy":"product_brand","embeddable":true,"href":"https:\/\/sport-jugend-dresden.de\/spielkiste\/wp-json\/wp\/v2\/product_brand?post=2951"},{"taxonomy":"product_cat","embeddable":true,"href":"https:\/\/sport-jugend-dresden.de\/spielkiste\/wp-json\/wp\/v2\/product_cat?post=2951"},{"taxonomy":"product_tag","embeddable":true,"href":"https:\/\/sport-jugend-dresden.de\/spielkiste\/wp-json\/wp\/v2\/product_tag?post=2951"}],"curies":[{"name":"wp","href":"https:\/\/api.w.org\/{rel}","templated":true}]}}