{"id":2949,"date":"2023-05-22T13:31:29","date_gmt":"2023-05-22T11:31:29","guid":{"rendered":"https:\/\/sport-jugend-dresden.de\/spielkiste\/?post_type=product&#038;p=2949"},"modified":"2024-04-15T13:46:57","modified_gmt":"2024-04-15T11:46:57","slug":"schach-gross","status":"publish","type":"product","link":"https:\/\/sport-jugend-dresden.de\/spielkiste\/produkt\/schach-gross\/","title":{"rendered":"Schach gro\u00df"},"content":{"rendered":"<p><strong>Gro\u00dfe Schachfiguren<\/strong><br \/>\nBeim Spielteppich-Set \u201eSchach\u201c sind die Schachfiguren mit im Lieferumfang enthalten. Sie brauchen die Figuren nur aufstellen und die Partie kann beginnen. Die gro\u00dfen Figuren lassen sich prima greifen \u2013 gut f\u00fcr Kinder oder Senioren. Der Figurensatz besteht aus 32 Spielfiguren \u2013 je 16 wei\u00dfe und 16 schwarze Schachfiguren.<\/p>\n<p><strong>Details:<\/strong><\/p>\n<ul class=\"bulletPoints\">\n<li>Ma\u00dfe (LxB): Spielteppich &#8222;Schach&#8220;: 280&#215;280 cm<\/li>\n<li>Material (Spieleteppich): 100 %\u00a0<acronym class=\"tip\">Polyamid<\/acronym>, Unterseite: Anti-Rutsch-Belag aus\u00a0<acronym class=\"tip\">Latex<\/acronym><\/li>\n<li>Material (Figuren): Kunststoff<\/li>\n<\/ul>\n<p><strong>Bodenschachfiguren &#8222;Gro\u00df&#8220;:<\/strong><\/p>\n<ul class=\"bulletPoints\">\n<li>Standfl\u00e4che \u00f8 22,5 cm<\/li>\n<li>H\u00f6he Spielfiguren: K\u00f6nig: 64 cm, Dame 58 cm, L\u00e4ufer: 56 cm, Springer: 48 cm, Turm 43 cm, Bauer: 43 cm<\/li>\n<li>Je 16 schwarze und wei\u00dfe Figuren<\/li>\n<\/ul>\n<p><strong>Lagerbestand: 1x<\/strong><\/p>\n","protected":false},"excerpt":{"rendered":"<p>Gro\u00dfe Schachfiguren Beim Spielteppich-Set \u201eSchach\u201c sind die Schachfiguren mit im Lieferumfang enthalten. Sie brauchen die Figuren nur aufstellen und die Partie kann beginnen. Die gro\u00dfen Figuren lassen sich prima greifen \u2013 gut f\u00fcr Kinder oder Senioren. Der Figurensatz besteht aus 32 Spielfiguren \u2013 je 16 wei\u00dfe und 16 schwarze Schachfiguren. Details: Ma\u00dfe (LxB): Spielteppich &#8222;Schach&#8220;: [&hellip;]<\/p>\n","protected":false},"featured_media":2852,"template":"","meta":[],"product_brand":[],"product_cat":[89],"product_tag":[],"class_list":{"0":"post-2949","1":"product","2":"type-product","3":"status-publish","4":"has-post-thumbnail","6":"product_cat-unkategorisiert","8":"first","9":"instock","10":"purchasable","11":"product-type-simple"},"_links":{"self":[{"href":"https:\/\/sport-jugend-dresden.de\/spielkiste\/wp-json\/wp\/v2\/product\/2949","targetHints":{"allow":["GET"]}}],"collection":[{"href":"https:\/\/sport-jugend-dresden.de\/spielkiste\/wp-json\/wp\/v2\/product"}],"about":[{"href":"https:\/\/sport-jugend-dresden.de\/spielkiste\/wp-json\/wp\/v2\/types\/product"}],"version-history":[{"count":3,"href":"https:\/\/sport-jugend-dresden.de\/spielkiste\/wp-json\/wp\/v2\/product\/2949\/revisions"}],"predecessor-version":[{"id":3322,"href":"https:\/\/sport-jugend-dresden.de\/spielkiste\/wp-json\/wp\/v2\/product\/2949\/revisions\/3322"}],"wp:featuredmedia":[{"embeddable":true,"href":"https:\/\/sport-jugend-dresden.de\/spielkiste\/wp-json\/wp\/v2\/media\/2852"}],"wp:attachment":[{"href":"https:\/\/sport-jugend-dresden.de\/spielkiste\/wp-json\/wp\/v2\/media?parent=2949"}],"wp:term":[{"taxonomy":"product_brand","embeddable":true,"href":"https:\/\/sport-jugend-dresden.de\/spielkiste\/wp-json\/wp\/v2\/product_brand?post=2949"},{"taxonomy":"product_cat","embeddable":true,"href":"https:\/\/sport-jugend-dresden.de\/spielkiste\/wp-json\/wp\/v2\/product_cat?post=2949"},{"taxonomy":"product_tag","embeddable":true,"href":"https:\/\/sport-jugend-dresden.de\/spielkiste\/wp-json\/wp\/v2\/product_tag?post=2949"}],"curies":[{"name":"wp","href":"https:\/\/api.w.org\/{rel}","templated":true}]}}