{"id":2932,"date":"2023-05-22T13:06:13","date_gmt":"2023-05-22T11:06:13","guid":{"rendered":"https:\/\/sport-jugend-dresden.de\/spielkiste\/?post_type=product&#038;p=2932"},"modified":"2023-07-14T00:32:56","modified_gmt":"2023-07-13T22:32:56","slug":"pinguinbowling","status":"publish","type":"product","link":"https:\/\/sport-jugend-dresden.de\/spielkiste\/produkt\/pinguinbowling\/","title":{"rendered":"Pinguinbowling"},"content":{"rendered":"<p>Pinguinbowling ist gefahrloses Bowlen in einem besonders ansprechenden Design. Die 6 Pinguine zittern um ihren Platz auf der Scholle, wenn die rote Bowling-Kugel rollt.<\/p>\n<p><u>Details:<\/u><\/p>\n<ul>\n<li>Pinguin-Kegel aus EVA<\/li>\n<li>Gr\u00f6\u00dfe des Kegels: 14 x 8 cm \u00f8<\/li>\n<li>Gr\u00f6\u00dfe der Kugel: 8,5 cm \u00f8<\/li>\n<li>inkl. Tragetasche<\/li>\n<\/ul>\n","protected":false},"excerpt":{"rendered":"<p>Pinguinbowling ist gefahrloses Bowlen in einem besonders ansprechenden Design. Die 6 Pinguine zittern um ihren Platz auf der Scholle, wenn die rote Bowling-Kugel rollt. Details: Pinguin-Kegel aus EVA Gr\u00f6\u00dfe des Kegels: 14 x 8 cm \u00f8 Gr\u00f6\u00dfe der Kugel: 8,5 cm \u00f8 inkl. Tragetasche<\/p>\n","protected":false},"featured_media":2852,"template":"","meta":[],"product_brand":[],"product_cat":[89],"product_tag":[],"class_list":{"0":"post-2932","1":"product","2":"type-product","3":"status-publish","4":"has-post-thumbnail","6":"product_cat-unkategorisiert","8":"first","9":"instock","10":"purchasable","11":"product-type-simple"},"_links":{"self":[{"href":"https:\/\/sport-jugend-dresden.de\/spielkiste\/wp-json\/wp\/v2\/product\/2932","targetHints":{"allow":["GET"]}}],"collection":[{"href":"https:\/\/sport-jugend-dresden.de\/spielkiste\/wp-json\/wp\/v2\/product"}],"about":[{"href":"https:\/\/sport-jugend-dresden.de\/spielkiste\/wp-json\/wp\/v2\/types\/product"}],"version-history":[{"count":1,"href":"https:\/\/sport-jugend-dresden.de\/spielkiste\/wp-json\/wp\/v2\/product\/2932\/revisions"}],"predecessor-version":[{"id":2933,"href":"https:\/\/sport-jugend-dresden.de\/spielkiste\/wp-json\/wp\/v2\/product\/2932\/revisions\/2933"}],"wp:featuredmedia":[{"embeddable":true,"href":"https:\/\/sport-jugend-dresden.de\/spielkiste\/wp-json\/wp\/v2\/media\/2852"}],"wp:attachment":[{"href":"https:\/\/sport-jugend-dresden.de\/spielkiste\/wp-json\/wp\/v2\/media?parent=2932"}],"wp:term":[{"taxonomy":"product_brand","embeddable":true,"href":"https:\/\/sport-jugend-dresden.de\/spielkiste\/wp-json\/wp\/v2\/product_brand?post=2932"},{"taxonomy":"product_cat","embeddable":true,"href":"https:\/\/sport-jugend-dresden.de\/spielkiste\/wp-json\/wp\/v2\/product_cat?post=2932"},{"taxonomy":"product_tag","embeddable":true,"href":"https:\/\/sport-jugend-dresden.de\/spielkiste\/wp-json\/wp\/v2\/product_tag?post=2932"}],"curies":[{"name":"wp","href":"https:\/\/api.w.org\/{rel}","templated":true}]}}