{"id":2914,"date":"2023-05-22T12:51:52","date_gmt":"2023-05-22T10:51:52","guid":{"rendered":"https:\/\/sport-jugend-dresden.de\/spielkiste\/?post_type=product&#038;p=2914"},"modified":"2024-04-24T14:25:53","modified_gmt":"2024-04-24T12:25:53","slug":"rollbrett-innen","status":"publish","type":"product","link":"https:\/\/sport-jugend-dresden.de\/spielkiste\/produkt\/rollbrett-innen\/","title":{"rendered":"Rollbrett (innen)"},"content":{"rendered":"<div class=\"shopIntroductaryText\"><strong>Das Rollbrett ist ein Kinderrollbrett f\u00fcr die Grundschule. Die Griffnischen sch\u00fctzen die H\u00e4nde der Kinder beim Fahren.<\/strong><\/div>\n<ul class=\"usps\">\n<li>Indoor-Rollbrett f\u00fcr Hallenb\u00f6den<\/li>\n<li>Griffnischen f\u00fcr leichte Handhabung und Schutz der H\u00e4nde<\/li>\n<li>Besonders leichtg\u00e4ngige, kugelgelagerte Lenkrollen<\/li>\n<li>Abriebfeste robuste Vollgummireifen schonen den Hallenboden<\/li>\n<li>\u00c4u\u00dferst stabil: Belastbar bis 120 kg<\/li>\n<\/ul>\n<p><strong>Lagerbestand:<\/strong> 2x<\/p>\n","protected":false},"excerpt":{"rendered":"<p>Das Rollbrett ist ein Kinderrollbrett f\u00fcr die Grundschule. Die Griffnischen sch\u00fctzen die H\u00e4nde der Kinder beim Fahren. Indoor-Rollbrett f\u00fcr Hallenb\u00f6den Griffnischen f\u00fcr leichte Handhabung und Schutz der H\u00e4nde Besonders leichtg\u00e4ngige, kugelgelagerte Lenkrollen Abriebfeste robuste Vollgummireifen schonen den Hallenboden \u00c4u\u00dferst stabil: Belastbar bis 120 kg Lagerbestand: 2x<\/p>\n","protected":false},"featured_media":2740,"template":"","meta":[],"product_brand":[],"product_cat":[89],"product_tag":[],"class_list":{"0":"post-2914","1":"product","2":"type-product","3":"status-publish","4":"has-post-thumbnail","6":"product_cat-unkategorisiert","8":"first","9":"instock","10":"purchasable","11":"product-type-simple"},"_links":{"self":[{"href":"https:\/\/sport-jugend-dresden.de\/spielkiste\/wp-json\/wp\/v2\/product\/2914","targetHints":{"allow":["GET"]}}],"collection":[{"href":"https:\/\/sport-jugend-dresden.de\/spielkiste\/wp-json\/wp\/v2\/product"}],"about":[{"href":"https:\/\/sport-jugend-dresden.de\/spielkiste\/wp-json\/wp\/v2\/types\/product"}],"version-history":[{"count":2,"href":"https:\/\/sport-jugend-dresden.de\/spielkiste\/wp-json\/wp\/v2\/product\/2914\/revisions"}],"predecessor-version":[{"id":3341,"href":"https:\/\/sport-jugend-dresden.de\/spielkiste\/wp-json\/wp\/v2\/product\/2914\/revisions\/3341"}],"wp:featuredmedia":[{"embeddable":true,"href":"https:\/\/sport-jugend-dresden.de\/spielkiste\/wp-json\/wp\/v2\/media\/2740"}],"wp:attachment":[{"href":"https:\/\/sport-jugend-dresden.de\/spielkiste\/wp-json\/wp\/v2\/media?parent=2914"}],"wp:term":[{"taxonomy":"product_brand","embeddable":true,"href":"https:\/\/sport-jugend-dresden.de\/spielkiste\/wp-json\/wp\/v2\/product_brand?post=2914"},{"taxonomy":"product_cat","embeddable":true,"href":"https:\/\/sport-jugend-dresden.de\/spielkiste\/wp-json\/wp\/v2\/product_cat?post=2914"},{"taxonomy":"product_tag","embeddable":true,"href":"https:\/\/sport-jugend-dresden.de\/spielkiste\/wp-json\/wp\/v2\/product_tag?post=2914"}],"curies":[{"name":"wp","href":"https:\/\/api.w.org\/{rel}","templated":true}]}}