{"id":2912,"date":"2023-05-22T12:49:23","date_gmt":"2023-05-22T10:49:23","guid":{"rendered":"https:\/\/sport-jugend-dresden.de\/spielkiste\/?post_type=product&#038;p=2912"},"modified":"2024-04-24T14:42:16","modified_gmt":"2024-04-24T12:42:16","slug":"riesenweltball","status":"publish","type":"product","link":"https:\/\/sport-jugend-dresden.de\/spielkiste\/produkt\/riesenweltball\/","title":{"rendered":"Riesenweltball"},"content":{"rendered":"<div class=\"shopText\">\n<p>Der Riesenweltball mit Kontinentaufdruck ist einzigartig: Der gro\u00dfe Spielball hat einen unvergleichlichen Aufforderungscharakter und bietet Kindern und Erwachsenen unz\u00e4hlige Spielm\u00f6glichkeiten.<\/p>\n<p><strong>Weitere Details:<\/strong><\/p>\n<ul class=\"bulletPoints\">\n<li>Belastbar bis 80 kg<\/li>\n<li>Durchmesser 1m<\/li>\n<li>maximal bis 80 kg belastbar<\/li>\n<li>Kann mit fast allen Kompressoren und Pumpen mittels konischer Ballnippel aufgepumpt werden.<\/li>\n<\/ul>\n<\/div>\n<div class=\"shopEndingText\">Der Riesenweltball mit Kontinentaufdruck ist das Multitalent unter den gro\u00dfen Spiel- und Therapieb\u00e4llen. Der Globusball weckt sofort die Neugierde der Kinder. Der gro\u00dfe Ball l\u00e4sst sich hochheben, rollen und prellen. Der Fantasie beim Spielen sind keine Grenzen gesetzt. Selbst wippen und schaukeln ist auf dem Riesenball m\u00f6glich. Deshalb sorgt der gro\u00dfe Ball in Kinderg\u00e4rten, Grundschulen und therapeutischen Einrichtungen f\u00fcr Begeisterung.<\/div>\n<div><\/div>\n<div><strong>Lagerbestand:<\/strong> 2x<\/div>\n","protected":false},"excerpt":{"rendered":"<p>Der Riesenweltball mit Kontinentaufdruck ist einzigartig: Der gro\u00dfe Spielball hat einen unvergleichlichen Aufforderungscharakter und bietet Kindern und Erwachsenen unz\u00e4hlige Spielm\u00f6glichkeiten. Weitere Details: Belastbar bis 80 kg Durchmesser 1m maximal bis 80 kg belastbar Kann mit fast allen Kompressoren und Pumpen mittels konischer Ballnippel aufgepumpt werden. Der Riesenweltball mit Kontinentaufdruck ist das Multitalent unter den gro\u00dfen [&hellip;]<\/p>\n","protected":false},"featured_media":2753,"template":"","meta":[],"product_brand":[],"product_cat":[89],"product_tag":[],"class_list":{"0":"post-2912","1":"product","2":"type-product","3":"status-publish","4":"has-post-thumbnail","6":"product_cat-unkategorisiert","8":"first","9":"instock","10":"purchasable","11":"product-type-simple"},"_links":{"self":[{"href":"https:\/\/sport-jugend-dresden.de\/spielkiste\/wp-json\/wp\/v2\/product\/2912","targetHints":{"allow":["GET"]}}],"collection":[{"href":"https:\/\/sport-jugend-dresden.de\/spielkiste\/wp-json\/wp\/v2\/product"}],"about":[{"href":"https:\/\/sport-jugend-dresden.de\/spielkiste\/wp-json\/wp\/v2\/types\/product"}],"version-history":[{"count":3,"href":"https:\/\/sport-jugend-dresden.de\/spielkiste\/wp-json\/wp\/v2\/product\/2912\/revisions"}],"predecessor-version":[{"id":3347,"href":"https:\/\/sport-jugend-dresden.de\/spielkiste\/wp-json\/wp\/v2\/product\/2912\/revisions\/3347"}],"wp:featuredmedia":[{"embeddable":true,"href":"https:\/\/sport-jugend-dresden.de\/spielkiste\/wp-json\/wp\/v2\/media\/2753"}],"wp:attachment":[{"href":"https:\/\/sport-jugend-dresden.de\/spielkiste\/wp-json\/wp\/v2\/media?parent=2912"}],"wp:term":[{"taxonomy":"product_brand","embeddable":true,"href":"https:\/\/sport-jugend-dresden.de\/spielkiste\/wp-json\/wp\/v2\/product_brand?post=2912"},{"taxonomy":"product_cat","embeddable":true,"href":"https:\/\/sport-jugend-dresden.de\/spielkiste\/wp-json\/wp\/v2\/product_cat?post=2912"},{"taxonomy":"product_tag","embeddable":true,"href":"https:\/\/sport-jugend-dresden.de\/spielkiste\/wp-json\/wp\/v2\/product_tag?post=2912"}],"curies":[{"name":"wp","href":"https:\/\/api.w.org\/{rel}","templated":true}]}}