{"id":2908,"date":"2023-05-22T12:27:13","date_gmt":"2023-05-22T10:27:13","guid":{"rendered":"https:\/\/sport-jugend-dresden.de\/spielkiste\/?post_type=product&#038;p=2908"},"modified":"2024-04-24T14:49:26","modified_gmt":"2024-04-24T12:49:26","slug":"raupe","status":"publish","type":"product","link":"https:\/\/sport-jugend-dresden.de\/spielkiste\/produkt\/raupe\/","title":{"rendered":"Raupe"},"content":{"rendered":"<p><strong>Sport-Thieme Raupe: Gemeinsam fortbewegen<\/strong><br \/>\nDie Sport-Thieme Raupe bietet verschiedene M\u00f6glichkeiten in Bewegung zu kommen: Vorw\u00e4rts- und R\u00fcckw\u00e4rtsgehen. Besonders spannend sind Wettbewerbe zwischen 2 Gruppen. Die Raupe l\u00e4sst sich im Schulhof, Kindergarten, Turnhalle und auch im Schwimmbad einsetzen.<\/p>\n<p><strong>Produktdetails:<\/strong><\/p>\n<ul class=\"bulletPoints\">\n<li>Material: Planenstoff 100 %\u00a0<acronym class=\"tip\">Polyester<\/acronym><\/li>\n<li>LxB: 700&#215;50 cm<\/li>\n<li>Mit umgen\u00e4hten Rand, dadurch keine scharfe Schnittkante<\/li>\n<\/ul>\n<p><strong>Lagerbestand:<\/strong> 1x<\/p>\n","protected":false},"excerpt":{"rendered":"<p>Sport-Thieme Raupe: Gemeinsam fortbewegen Die Sport-Thieme Raupe bietet verschiedene M\u00f6glichkeiten in Bewegung zu kommen: Vorw\u00e4rts- und R\u00fcckw\u00e4rtsgehen. Besonders spannend sind Wettbewerbe zwischen 2 Gruppen. Die Raupe l\u00e4sst sich im Schulhof, Kindergarten, Turnhalle und auch im Schwimmbad einsetzen. Produktdetails: Material: Planenstoff 100 %\u00a0Polyester LxB: 700&#215;50 cm Mit umgen\u00e4hten Rand, dadurch keine scharfe Schnittkante Lagerbestand: 1x<\/p>\n","protected":false},"featured_media":2852,"template":"","meta":[],"product_brand":[],"product_cat":[89],"product_tag":[],"class_list":{"0":"post-2908","1":"product","2":"type-product","3":"status-publish","4":"has-post-thumbnail","6":"product_cat-unkategorisiert","8":"first","9":"instock","10":"purchasable","11":"product-type-simple"},"_links":{"self":[{"href":"https:\/\/sport-jugend-dresden.de\/spielkiste\/wp-json\/wp\/v2\/product\/2908","targetHints":{"allow":["GET"]}}],"collection":[{"href":"https:\/\/sport-jugend-dresden.de\/spielkiste\/wp-json\/wp\/v2\/product"}],"about":[{"href":"https:\/\/sport-jugend-dresden.de\/spielkiste\/wp-json\/wp\/v2\/types\/product"}],"version-history":[{"count":2,"href":"https:\/\/sport-jugend-dresden.de\/spielkiste\/wp-json\/wp\/v2\/product\/2908\/revisions"}],"predecessor-version":[{"id":3348,"href":"https:\/\/sport-jugend-dresden.de\/spielkiste\/wp-json\/wp\/v2\/product\/2908\/revisions\/3348"}],"wp:featuredmedia":[{"embeddable":true,"href":"https:\/\/sport-jugend-dresden.de\/spielkiste\/wp-json\/wp\/v2\/media\/2852"}],"wp:attachment":[{"href":"https:\/\/sport-jugend-dresden.de\/spielkiste\/wp-json\/wp\/v2\/media?parent=2908"}],"wp:term":[{"taxonomy":"product_brand","embeddable":true,"href":"https:\/\/sport-jugend-dresden.de\/spielkiste\/wp-json\/wp\/v2\/product_brand?post=2908"},{"taxonomy":"product_cat","embeddable":true,"href":"https:\/\/sport-jugend-dresden.de\/spielkiste\/wp-json\/wp\/v2\/product_cat?post=2908"},{"taxonomy":"product_tag","embeddable":true,"href":"https:\/\/sport-jugend-dresden.de\/spielkiste\/wp-json\/wp\/v2\/product_tag?post=2908"}],"curies":[{"name":"wp","href":"https:\/\/api.w.org\/{rel}","templated":true}]}}