{"id":2901,"date":"2023-05-22T12:01:18","date_gmt":"2023-05-22T10:01:18","guid":{"rendered":"https:\/\/sport-jugend-dresden.de\/spielkiste\/?post_type=product&#038;p=2901"},"modified":"2024-04-24T14:53:49","modified_gmt":"2024-04-24T12:53:49","slug":"rasenski-fuer-2-personen","status":"publish","type":"product","link":"https:\/\/sport-jugend-dresden.de\/spielkiste\/produkt\/rasenski-fuer-2-personen\/","title":{"rendered":"Rasenski f\u00fcr 2 Personen"},"content":{"rendered":"<div class=\"shopText\"><strong>Die Pedalo Sommerski &#8222;Fu\u00dfschlaufe&#8220; &#8211; Nur gemeinsam geht\u2019s voran<\/strong><br \/>\nSie k\u00f6nnen die Rasenski mit bis zu 2 Personen gemeinsam nutzen. Dabei werden gegenseitige Kooperation und Koordination gef\u00f6rdert. Auf der Oberseite der Ski sind Fu\u00dfschlaufen angebracht: Einfach einsteigen und schon kann es losgehen. Die Teilnehmer m\u00fcssen ihre Bewegungen abstimmen, um sich bewegen zu k\u00f6nnen und vorw\u00e4rts zu kommen .<strong>Details:<\/strong><\/p>\n<ul class=\"bulletPoints\">\n<li>Material: \u00c4u\u00dferst stabiles Sperrholz, rutschfest, gr\u00fcn beschichtet<\/li>\n<li>L\u00e4nge (2 Personen): 80 cm<\/li>\n<li>Je 10 cm breit, 21 mm stark<\/li>\n<li>Mit 2 je Schlaufen (2 Personen) jeweils in Regenbogenfarben, passend auch f\u00fcr Erwachsene<\/li>\n<li>Gewicht (2 Personen): 2,60 kg<\/li>\n<\/ul>\n<\/div>\n<div class=\"shopEndingText\"><strong>Die Pedalo Sommerski &#8222;Fu\u00dfschlaufe&#8220; \u2013 Teamgeist mit Spa\u00df f\u00f6rdern<\/strong><br \/>\nMit den Pedalo Sommerski &#8222;Fu\u00dfschlaufe&#8220; sind Spa\u00df und Freude garantiert. Die Sommerski sind eine ausgezeichnete Erg\u00e4nzung im Bewegungsparcours f\u00fcr Teamaufgaben. Ob im Schul- und Vereinssport oder bei Kinder-, Schul-, Vereins- und Sommerfesten \u2013 die Sommerski d\u00fcrfen nirgendwo fehlen.<\/div>\n<div><\/div>\n<div><strong>Lagerbestand:<\/strong> 4x<\/div>\n","protected":false},"excerpt":{"rendered":"<p>Die Pedalo Sommerski &#8222;Fu\u00dfschlaufe&#8220; &#8211; Nur gemeinsam geht\u2019s voran Sie k\u00f6nnen die Rasenski mit bis zu 2 Personen gemeinsam nutzen. Dabei werden gegenseitige Kooperation und Koordination gef\u00f6rdert. Auf der Oberseite der Ski sind Fu\u00dfschlaufen angebracht: Einfach einsteigen und schon kann es losgehen. Die Teilnehmer m\u00fcssen ihre Bewegungen abstimmen, um sich bewegen zu k\u00f6nnen und vorw\u00e4rts [&hellip;]<\/p>\n","protected":false},"featured_media":2739,"template":"","meta":[],"product_brand":[],"product_cat":[89],"product_tag":[],"class_list":{"0":"post-2901","1":"product","2":"type-product","3":"status-publish","4":"has-post-thumbnail","6":"product_cat-unkategorisiert","8":"first","9":"instock","10":"purchasable","11":"product-type-simple"},"_links":{"self":[{"href":"https:\/\/sport-jugend-dresden.de\/spielkiste\/wp-json\/wp\/v2\/product\/2901","targetHints":{"allow":["GET"]}}],"collection":[{"href":"https:\/\/sport-jugend-dresden.de\/spielkiste\/wp-json\/wp\/v2\/product"}],"about":[{"href":"https:\/\/sport-jugend-dresden.de\/spielkiste\/wp-json\/wp\/v2\/types\/product"}],"version-history":[{"count":2,"href":"https:\/\/sport-jugend-dresden.de\/spielkiste\/wp-json\/wp\/v2\/product\/2901\/revisions"}],"predecessor-version":[{"id":3350,"href":"https:\/\/sport-jugend-dresden.de\/spielkiste\/wp-json\/wp\/v2\/product\/2901\/revisions\/3350"}],"wp:featuredmedia":[{"embeddable":true,"href":"https:\/\/sport-jugend-dresden.de\/spielkiste\/wp-json\/wp\/v2\/media\/2739"}],"wp:attachment":[{"href":"https:\/\/sport-jugend-dresden.de\/spielkiste\/wp-json\/wp\/v2\/media?parent=2901"}],"wp:term":[{"taxonomy":"product_brand","embeddable":true,"href":"https:\/\/sport-jugend-dresden.de\/spielkiste\/wp-json\/wp\/v2\/product_brand?post=2901"},{"taxonomy":"product_cat","embeddable":true,"href":"https:\/\/sport-jugend-dresden.de\/spielkiste\/wp-json\/wp\/v2\/product_cat?post=2901"},{"taxonomy":"product_tag","embeddable":true,"href":"https:\/\/sport-jugend-dresden.de\/spielkiste\/wp-json\/wp\/v2\/product_tag?post=2901"}],"curies":[{"name":"wp","href":"https:\/\/api.w.org\/{rel}","templated":true}]}}