{"id":2896,"date":"2023-05-22T11:54:12","date_gmt":"2023-05-22T09:54:12","guid":{"rendered":"https:\/\/sport-jugend-dresden.de\/spielkiste\/?post_type=product&#038;p=2896"},"modified":"2024-04-24T15:00:08","modified_gmt":"2024-04-24T13:00:08","slug":"pavillon-3x3m","status":"publish","type":"product","link":"https:\/\/sport-jugend-dresden.de\/spielkiste\/produkt\/pavillon-3x3m\/","title":{"rendered":"Pavillon 3x3m"},"content":{"rendered":"<p><span class=\"text2\">Dieser gro\u00dfe Pavillon 3 x 3 m eignet sich perfekt f\u00fcr den Schutz vor Sonnenlicht und Regen im Garten oder auf der Terasse. Er spendet immer ausreichend Schatten und sch\u00fctzt vor \u00fcberm\u00e4\u00dfiger Sonneneinstrahlung. Eignet sich hervorragend als Partyzelt.<\/p>\n<p><strong>Produktdetails:<\/strong><\/span><\/p>\n<ul>\n<li><span class=\"text2\">Stahlrohrgestell <\/span><\/li>\n<li><span class=\"text2\">Bezug aus wasserdichtem PE-Gewebe <\/span><\/li>\n<li><span class=\"text2\">inkl. Abspannseilen und Heringen. <\/span><\/li>\n<li><span class=\"text2\">Ma\u00dfe: ca. 300 x 300cm, H: 250cm <\/span><\/li>\n<\/ul>\n<p><strong>Lagerbestand:<\/strong> 3x<\/p>\n","protected":false},"excerpt":{"rendered":"<p>Dieser gro\u00dfe Pavillon 3 x 3 m eignet sich perfekt f\u00fcr den Schutz vor Sonnenlicht und Regen im Garten oder auf der Terasse. Er spendet immer ausreichend Schatten und sch\u00fctzt vor \u00fcberm\u00e4\u00dfiger Sonneneinstrahlung. Eignet sich hervorragend als Partyzelt. Produktdetails: Stahlrohrgestell Bezug aus wasserdichtem PE-Gewebe inkl. Abspannseilen und Heringen. Ma\u00dfe: ca. 300 x 300cm, H: 250cm [&hellip;]<\/p>\n","protected":false},"featured_media":2852,"template":"","meta":[],"product_brand":[],"product_cat":[89],"product_tag":[],"class_list":{"0":"post-2896","1":"product","2":"type-product","3":"status-publish","4":"has-post-thumbnail","6":"product_cat-unkategorisiert","8":"first","9":"instock","10":"purchasable","11":"product-type-simple"},"_links":{"self":[{"href":"https:\/\/sport-jugend-dresden.de\/spielkiste\/wp-json\/wp\/v2\/product\/2896","targetHints":{"allow":["GET"]}}],"collection":[{"href":"https:\/\/sport-jugend-dresden.de\/spielkiste\/wp-json\/wp\/v2\/product"}],"about":[{"href":"https:\/\/sport-jugend-dresden.de\/spielkiste\/wp-json\/wp\/v2\/types\/product"}],"version-history":[{"count":3,"href":"https:\/\/sport-jugend-dresden.de\/spielkiste\/wp-json\/wp\/v2\/product\/2896\/revisions"}],"predecessor-version":[{"id":3353,"href":"https:\/\/sport-jugend-dresden.de\/spielkiste\/wp-json\/wp\/v2\/product\/2896\/revisions\/3353"}],"wp:featuredmedia":[{"embeddable":true,"href":"https:\/\/sport-jugend-dresden.de\/spielkiste\/wp-json\/wp\/v2\/media\/2852"}],"wp:attachment":[{"href":"https:\/\/sport-jugend-dresden.de\/spielkiste\/wp-json\/wp\/v2\/media?parent=2896"}],"wp:term":[{"taxonomy":"product_brand","embeddable":true,"href":"https:\/\/sport-jugend-dresden.de\/spielkiste\/wp-json\/wp\/v2\/product_brand?post=2896"},{"taxonomy":"product_cat","embeddable":true,"href":"https:\/\/sport-jugend-dresden.de\/spielkiste\/wp-json\/wp\/v2\/product_cat?post=2896"},{"taxonomy":"product_tag","embeddable":true,"href":"https:\/\/sport-jugend-dresden.de\/spielkiste\/wp-json\/wp\/v2\/product_tag?post=2896"}],"curies":[{"name":"wp","href":"https:\/\/api.w.org\/{rel}","templated":true}]}}