{"id":2894,"date":"2023-05-22T11:52:52","date_gmt":"2023-05-22T09:52:52","guid":{"rendered":"https:\/\/sport-jugend-dresden.de\/spielkiste\/?post_type=product&#038;p=2894"},"modified":"2024-04-24T15:01:50","modified_gmt":"2024-04-24T13:01:50","slug":"multisport-netz","status":"publish","type":"product","link":"https:\/\/sport-jugend-dresden.de\/spielkiste\/produkt\/multisport-netz\/","title":{"rendered":"Multisport-Netz"},"content":{"rendered":"<div class=\"shopIntroductaryText\"><strong>Das Multisport-Netz kann ganz einfach auf 3 H\u00f6hen eingestellt und f\u00fcr Tennis, Beach-Tennis, Beach-Soccer und Volleyball genutzt werden.<\/strong><\/div>\n<ul class=\"usps\">\n<li>F\u00fcr drinnen und drau\u00dfen geeignet<\/li>\n<li>Robuster Rahmen und solides Netz f\u00fcr dauerhaften Spielspa\u00df<\/li>\n<li>Mit gr\u00fcner Netzoberkante f\u00fcr bessere Sichtbarkeit<\/li>\n<li>Zus\u00e4tzlicher Erdanker f\u00fcr sicheren Halt<\/li>\n<li>Leicht transportierbar: Mit praktischer Tragetasche<\/li>\n<\/ul>\n<p><strong>Produktdetails<\/strong><\/p>\n<ul class=\"bulletPoints\">\n<li>Netzh\u00f6hen: 155\/109\/62 cm<\/li>\n<li>Breite: 300 cm<\/li>\n<li>Maschenweite: 5 mm<\/li>\n<li>Netzst\u00e4rke: 1 mm<\/li>\n<li>Pfostendurchmesser: 35 mm<\/li>\n<li>Inkl. praktischer Transporttasche<\/li>\n<li>Gewicht: 11 kg<\/li>\n<\/ul>\n<p><strong>Lagerbestand:<\/strong> 1x<\/p>\n","protected":false},"excerpt":{"rendered":"<p>Das Multisport-Netz kann ganz einfach auf 3 H\u00f6hen eingestellt und f\u00fcr Tennis, Beach-Tennis, Beach-Soccer und Volleyball genutzt werden. F\u00fcr drinnen und drau\u00dfen geeignet Robuster Rahmen und solides Netz f\u00fcr dauerhaften Spielspa\u00df Mit gr\u00fcner Netzoberkante f\u00fcr bessere Sichtbarkeit Zus\u00e4tzlicher Erdanker f\u00fcr sicheren Halt Leicht transportierbar: Mit praktischer Tragetasche Produktdetails Netzh\u00f6hen: 155\/109\/62 cm Breite: 300 cm Maschenweite: [&hellip;]<\/p>\n","protected":false},"featured_media":2737,"template":"","meta":[],"product_brand":[],"product_cat":[89],"product_tag":[],"class_list":{"0":"post-2894","1":"product","2":"type-product","3":"status-publish","4":"has-post-thumbnail","6":"product_cat-unkategorisiert","8":"first","9":"instock","10":"purchasable","11":"product-type-simple"},"_links":{"self":[{"href":"https:\/\/sport-jugend-dresden.de\/spielkiste\/wp-json\/wp\/v2\/product\/2894","targetHints":{"allow":["GET"]}}],"collection":[{"href":"https:\/\/sport-jugend-dresden.de\/spielkiste\/wp-json\/wp\/v2\/product"}],"about":[{"href":"https:\/\/sport-jugend-dresden.de\/spielkiste\/wp-json\/wp\/v2\/types\/product"}],"version-history":[{"count":2,"href":"https:\/\/sport-jugend-dresden.de\/spielkiste\/wp-json\/wp\/v2\/product\/2894\/revisions"}],"predecessor-version":[{"id":3354,"href":"https:\/\/sport-jugend-dresden.de\/spielkiste\/wp-json\/wp\/v2\/product\/2894\/revisions\/3354"}],"wp:featuredmedia":[{"embeddable":true,"href":"https:\/\/sport-jugend-dresden.de\/spielkiste\/wp-json\/wp\/v2\/media\/2737"}],"wp:attachment":[{"href":"https:\/\/sport-jugend-dresden.de\/spielkiste\/wp-json\/wp\/v2\/media?parent=2894"}],"wp:term":[{"taxonomy":"product_brand","embeddable":true,"href":"https:\/\/sport-jugend-dresden.de\/spielkiste\/wp-json\/wp\/v2\/product_brand?post=2894"},{"taxonomy":"product_cat","embeddable":true,"href":"https:\/\/sport-jugend-dresden.de\/spielkiste\/wp-json\/wp\/v2\/product_cat?post=2894"},{"taxonomy":"product_tag","embeddable":true,"href":"https:\/\/sport-jugend-dresden.de\/spielkiste\/wp-json\/wp\/v2\/product_tag?post=2894"}],"curies":[{"name":"wp","href":"https:\/\/api.w.org\/{rel}","templated":true}]}}