{"id":2827,"date":"2023-05-19T13:05:57","date_gmt":"2023-05-19T11:05:57","guid":{"rendered":"https:\/\/sport-jugend-dresden.de\/spielkiste\/?post_type=product&#038;p=2827"},"modified":"2023-07-14T00:23:42","modified_gmt":"2023-07-13T22:23:42","slug":"gonge-kreisel","status":"publish","type":"product","link":"https:\/\/sport-jugend-dresden.de\/spielkiste\/produkt\/gonge-kreisel\/","title":{"rendered":"Gonge Kreisel"},"content":{"rendered":"<p>&#8211; Material: Stabiler Kunststoff<br \/>\n&#8211; Mit abgerundeten Kanten f\u00fcr maximale Sicherheit<br \/>\n&#8211; Belastbar bis 120 kg K\u00f6rpergewicht<br \/>\n&#8211; Durchmesser Kreisel: 80 cm<br \/>\n&#8211; Tiefe Schaukelschale: 44 cm<br \/>\n&#8211; Der Kreisel ist nicht f\u00fcr Kinder unter 3 Jahren geeignet<\/p>\n","protected":false},"excerpt":{"rendered":"<p>&#8211; Material: Stabiler Kunststoff &#8211; Mit abgerundeten Kanten f\u00fcr maximale Sicherheit &#8211; Belastbar bis 120 kg K\u00f6rpergewicht &#8211; Durchmesser Kreisel: 80 cm &#8211; Tiefe Schaukelschale: 44 cm &#8211; Der Kreisel ist nicht f\u00fcr Kinder unter 3 Jahren geeignet<\/p>\n","protected":false},"featured_media":2730,"template":"","meta":[],"product_brand":[],"product_cat":[89],"product_tag":[],"class_list":{"0":"post-2827","1":"product","2":"type-product","3":"status-publish","4":"has-post-thumbnail","6":"product_cat-unkategorisiert","8":"first","9":"instock","10":"purchasable","11":"product-type-simple"},"_links":{"self":[{"href":"https:\/\/sport-jugend-dresden.de\/spielkiste\/wp-json\/wp\/v2\/product\/2827","targetHints":{"allow":["GET"]}}],"collection":[{"href":"https:\/\/sport-jugend-dresden.de\/spielkiste\/wp-json\/wp\/v2\/product"}],"about":[{"href":"https:\/\/sport-jugend-dresden.de\/spielkiste\/wp-json\/wp\/v2\/types\/product"}],"version-history":[{"count":1,"href":"https:\/\/sport-jugend-dresden.de\/spielkiste\/wp-json\/wp\/v2\/product\/2827\/revisions"}],"predecessor-version":[{"id":2828,"href":"https:\/\/sport-jugend-dresden.de\/spielkiste\/wp-json\/wp\/v2\/product\/2827\/revisions\/2828"}],"wp:featuredmedia":[{"embeddable":true,"href":"https:\/\/sport-jugend-dresden.de\/spielkiste\/wp-json\/wp\/v2\/media\/2730"}],"wp:attachment":[{"href":"https:\/\/sport-jugend-dresden.de\/spielkiste\/wp-json\/wp\/v2\/media?parent=2827"}],"wp:term":[{"taxonomy":"product_brand","embeddable":true,"href":"https:\/\/sport-jugend-dresden.de\/spielkiste\/wp-json\/wp\/v2\/product_brand?post=2827"},{"taxonomy":"product_cat","embeddable":true,"href":"https:\/\/sport-jugend-dresden.de\/spielkiste\/wp-json\/wp\/v2\/product_cat?post=2827"},{"taxonomy":"product_tag","embeddable":true,"href":"https:\/\/sport-jugend-dresden.de\/spielkiste\/wp-json\/wp\/v2\/product_tag?post=2827"}],"curies":[{"name":"wp","href":"https:\/\/api.w.org\/{rel}","templated":true}]}}