{"id":2825,"date":"2023-05-19T13:03:24","date_gmt":"2023-05-19T11:03:24","guid":{"rendered":"https:\/\/sport-jugend-dresden.de\/spielkiste\/?post_type=product&#038;p=2825"},"modified":"2023-07-14T00:23:58","modified_gmt":"2023-07-13T22:23:58","slug":"fussball-torwand-2","status":"publish","type":"product","link":"https:\/\/sport-jugend-dresden.de\/spielkiste\/produkt\/fussball-torwand-2\/","title":{"rendered":"Fu\u00dfball-Torwand 2"},"content":{"rendered":"<p>Mit dem diesem Fu\u00dfballtor sind Sie bestens gewappnet f\u00fcr ausgiebige Fu\u00dfballspiele mit Ihren Kindern. Egal ob Torwart gegen St\u00fcrmer, im direkten Duell oder ein kleines Spielchen mit 2 Teams, das Fu\u00dfballtor macht Ihren Garten zum Fu\u00dfballplatz. Ein tolles Extra ist die Torwand-Plane: Wer ist zielsicherer und trifft die L\u00f6cher?<\/p>\n<p><strong>Technische Details:<\/strong><\/p>\n<ul class=\"bulletPoints\">\n<li>Ma\u00dfe (BxHxT): 180x120x60 cm<\/li>\n<li>Gewicht: 17 kg<\/li>\n<li>Farbe: Schwarz<\/li>\n<li>Stahlrohr-Rahmen\u00a0<acronym class=\"tip\">galvanisiert<\/acronym>\u00a0und\u00a0<acronym class=\"tip\">pulverbeschichtet<\/acronym><\/li>\n<li>Inkl. Torwand-Plane und Verankerung<\/li>\n<\/ul>\n","protected":false},"excerpt":{"rendered":"<p>Mit dem diesem Fu\u00dfballtor sind Sie bestens gewappnet f\u00fcr ausgiebige Fu\u00dfballspiele mit Ihren Kindern. Egal ob Torwart gegen St\u00fcrmer, im direkten Duell oder ein kleines Spielchen mit 2 Teams, das Fu\u00dfballtor macht Ihren Garten zum Fu\u00dfballplatz. Ein tolles Extra ist die Torwand-Plane: Wer ist zielsicherer und trifft die L\u00f6cher? Technische Details: Ma\u00dfe (BxHxT): 180x120x60 cm [&hellip;]<\/p>\n","protected":false},"featured_media":2719,"template":"","meta":[],"product_brand":[],"product_cat":[89],"product_tag":[],"class_list":{"0":"post-2825","1":"product","2":"type-product","3":"status-publish","4":"has-post-thumbnail","6":"product_cat-unkategorisiert","8":"first","9":"instock","10":"purchasable","11":"product-type-simple"},"_links":{"self":[{"href":"https:\/\/sport-jugend-dresden.de\/spielkiste\/wp-json\/wp\/v2\/product\/2825","targetHints":{"allow":["GET"]}}],"collection":[{"href":"https:\/\/sport-jugend-dresden.de\/spielkiste\/wp-json\/wp\/v2\/product"}],"about":[{"href":"https:\/\/sport-jugend-dresden.de\/spielkiste\/wp-json\/wp\/v2\/types\/product"}],"version-history":[{"count":3,"href":"https:\/\/sport-jugend-dresden.de\/spielkiste\/wp-json\/wp\/v2\/product\/2825\/revisions"}],"predecessor-version":[{"id":3004,"href":"https:\/\/sport-jugend-dresden.de\/spielkiste\/wp-json\/wp\/v2\/product\/2825\/revisions\/3004"}],"wp:featuredmedia":[{"embeddable":true,"href":"https:\/\/sport-jugend-dresden.de\/spielkiste\/wp-json\/wp\/v2\/media\/2719"}],"wp:attachment":[{"href":"https:\/\/sport-jugend-dresden.de\/spielkiste\/wp-json\/wp\/v2\/media?parent=2825"}],"wp:term":[{"taxonomy":"product_brand","embeddable":true,"href":"https:\/\/sport-jugend-dresden.de\/spielkiste\/wp-json\/wp\/v2\/product_brand?post=2825"},{"taxonomy":"product_cat","embeddable":true,"href":"https:\/\/sport-jugend-dresden.de\/spielkiste\/wp-json\/wp\/v2\/product_cat?post=2825"},{"taxonomy":"product_tag","embeddable":true,"href":"https:\/\/sport-jugend-dresden.de\/spielkiste\/wp-json\/wp\/v2\/product_tag?post=2825"}],"curies":[{"name":"wp","href":"https:\/\/api.w.org\/{rel}","templated":true}]}}