{"id":2816,"date":"2023-05-19T12:25:04","date_gmt":"2023-05-19T10:25:04","guid":{"rendered":"https:\/\/sport-jugend-dresden.de\/spielkiste\/?post_type=product&#038;p=2816"},"modified":"2024-04-26T13:43:07","modified_gmt":"2024-04-26T11:43:07","slug":"federball-set-2","status":"publish","type":"product","link":"https:\/\/sport-jugend-dresden.de\/spielkiste\/produkt\/federball-set-2\/","title":{"rendered":"Federball-Set 2"},"content":{"rendered":"<p>Das Badminton Komplett -Set beinhaltet alles, was man f\u00fcr ein ausgiebiges Match im Park oder im heimischen Garten ben\u00f6tigt. Neben 4 Schl\u00e4gern und 2 Federb\u00e4llen ist auch ein Netz bereits im Lieferumfang enthalten. Das Set ist ideal zum entspannten Spielen aber auch f\u00fcr einen kleinen Wettkampf mit Freunden. Die Sportart Badminton fordert neben Schnelligkeit auch ein gutes Ballgef\u00fchl. Das Badminton-Spiel bringt jede Menge Freude und f\u00f6rdert zudem die sportliche Fitness. Ein tolles Badminton Set f\u00fcr die warmen Sommertage!<\/p>\n<ul>\n<li>4 Badminton-Schl\u00e4gern, 2 Federb\u00e4lle, Netz und Tragetasche<\/li>\n<li>Netz mit Schn\u00fcren gespannt<\/li>\n<li>Schl\u00e4gergro\u00dfe: ca. 66 x 20 cm<\/li>\n<\/ul>\n<p>&nbsp;<\/p>\n<p><strong>Lagerbestand:<\/strong> 2x<\/p>\n","protected":false},"excerpt":{"rendered":"<p>Das Badminton Komplett -Set beinhaltet alles, was man f\u00fcr ein ausgiebiges Match im Park oder im heimischen Garten ben\u00f6tigt. Neben 4 Schl\u00e4gern und 2 Federb\u00e4llen ist auch ein Netz bereits im Lieferumfang enthalten. Das Set ist ideal zum entspannten Spielen aber auch f\u00fcr einen kleinen Wettkampf mit Freunden. Die Sportart Badminton fordert neben Schnelligkeit auch [&hellip;]<\/p>\n","protected":false},"featured_media":2715,"template":"","meta":[],"product_brand":[],"product_cat":[89],"product_tag":[],"class_list":{"0":"post-2816","1":"product","2":"type-product","3":"status-publish","4":"has-post-thumbnail","6":"product_cat-unkategorisiert","8":"first","9":"instock","10":"purchasable","11":"product-type-simple"},"_links":{"self":[{"href":"https:\/\/sport-jugend-dresden.de\/spielkiste\/wp-json\/wp\/v2\/product\/2816","targetHints":{"allow":["GET"]}}],"collection":[{"href":"https:\/\/sport-jugend-dresden.de\/spielkiste\/wp-json\/wp\/v2\/product"}],"about":[{"href":"https:\/\/sport-jugend-dresden.de\/spielkiste\/wp-json\/wp\/v2\/types\/product"}],"version-history":[{"count":3,"href":"https:\/\/sport-jugend-dresden.de\/spielkiste\/wp-json\/wp\/v2\/product\/2816\/revisions"}],"predecessor-version":[{"id":3376,"href":"https:\/\/sport-jugend-dresden.de\/spielkiste\/wp-json\/wp\/v2\/product\/2816\/revisions\/3376"}],"wp:featuredmedia":[{"embeddable":true,"href":"https:\/\/sport-jugend-dresden.de\/spielkiste\/wp-json\/wp\/v2\/media\/2715"}],"wp:attachment":[{"href":"https:\/\/sport-jugend-dresden.de\/spielkiste\/wp-json\/wp\/v2\/media?parent=2816"}],"wp:term":[{"taxonomy":"product_brand","embeddable":true,"href":"https:\/\/sport-jugend-dresden.de\/spielkiste\/wp-json\/wp\/v2\/product_brand?post=2816"},{"taxonomy":"product_cat","embeddable":true,"href":"https:\/\/sport-jugend-dresden.de\/spielkiste\/wp-json\/wp\/v2\/product_cat?post=2816"},{"taxonomy":"product_tag","embeddable":true,"href":"https:\/\/sport-jugend-dresden.de\/spielkiste\/wp-json\/wp\/v2\/product_tag?post=2816"}],"curies":[{"name":"wp","href":"https:\/\/api.w.org\/{rel}","templated":true}]}}