{"id":2771,"date":"2023-04-27T14:04:32","date_gmt":"2023-04-27T12:04:32","guid":{"rendered":"https:\/\/sport-jugend-dresden.de\/spielkiste\/?post_type=product&#038;p=2771"},"modified":"2023-07-13T23:52:01","modified_gmt":"2023-07-13T21:52:01","slug":"airhockey","status":"publish","type":"product","link":"https:\/\/sport-jugend-dresden.de\/spielkiste\/produkt\/airhockey\/","title":{"rendered":"Airhockey"},"content":{"rendered":"","protected":false},"excerpt":{"rendered":"<div>Abmessungen: Ca. 194x102x83 cm<\/div>\n<div>Spielfeld: Ca. 180&#215;90 cm<\/div>\n<div>Gewicht: Ca. 65 kg<\/div>\n<p>Zubeh\u00f6r: 2 Pusher 96mm, 2 Pucks 63mm. Mit dem zentralen Netzschalter, der sowohl das Gebl\u00e4se als auch den elektrischen Z\u00e4hlwerk einschaltet, ist nur eine Steckdose n\u00f6tig.<\/p>\n","protected":false},"featured_media":2852,"template":"","meta":[],"product_brand":[],"product_cat":[89],"product_tag":[],"class_list":{"0":"post-2771","1":"product","2":"type-product","3":"status-publish","4":"has-post-thumbnail","6":"product_cat-unkategorisiert","8":"first","9":"instock","10":"purchasable","11":"product-type-simple"},"_links":{"self":[{"href":"https:\/\/sport-jugend-dresden.de\/spielkiste\/wp-json\/wp\/v2\/product\/2771","targetHints":{"allow":["GET"]}}],"collection":[{"href":"https:\/\/sport-jugend-dresden.de\/spielkiste\/wp-json\/wp\/v2\/product"}],"about":[{"href":"https:\/\/sport-jugend-dresden.de\/spielkiste\/wp-json\/wp\/v2\/types\/product"}],"version-history":[{"count":2,"href":"https:\/\/sport-jugend-dresden.de\/spielkiste\/wp-json\/wp\/v2\/product\/2771\/revisions"}],"predecessor-version":[{"id":3234,"href":"https:\/\/sport-jugend-dresden.de\/spielkiste\/wp-json\/wp\/v2\/product\/2771\/revisions\/3234"}],"wp:featuredmedia":[{"embeddable":true,"href":"https:\/\/sport-jugend-dresden.de\/spielkiste\/wp-json\/wp\/v2\/media\/2852"}],"wp:attachment":[{"href":"https:\/\/sport-jugend-dresden.de\/spielkiste\/wp-json\/wp\/v2\/media?parent=2771"}],"wp:term":[{"taxonomy":"product_brand","embeddable":true,"href":"https:\/\/sport-jugend-dresden.de\/spielkiste\/wp-json\/wp\/v2\/product_brand?post=2771"},{"taxonomy":"product_cat","embeddable":true,"href":"https:\/\/sport-jugend-dresden.de\/spielkiste\/wp-json\/wp\/v2\/product_cat?post=2771"},{"taxonomy":"product_tag","embeddable":true,"href":"https:\/\/sport-jugend-dresden.de\/spielkiste\/wp-json\/wp\/v2\/product_tag?post=2771"}],"curies":[{"name":"wp","href":"https:\/\/api.w.org\/{rel}","templated":true}]}}