{"id":2769,"date":"2023-04-27T13:58:15","date_gmt":"2023-04-27T11:58:15","guid":{"rendered":"https:\/\/sport-jugend-dresden.de\/spielkiste\/?post_type=product&#038;p=2769"},"modified":"2024-04-26T12:40:09","modified_gmt":"2024-04-26T10:40:09","slug":"absperrset","status":"publish","type":"product","link":"https:\/\/sport-jugend-dresden.de\/spielkiste\/produkt\/absperrset\/","title":{"rendered":"Absperrset"},"content":{"rendered":"<div class=\"shopIntroductaryText\">\n<p>Mit dem Absperrpfosten-Set mit passenden Ketten sind zur Absperrung oder als Markierungspfosten vielseitig einsetzbar. Das Set besteht aus 6 Kunststoffpfosten und 5 passenden Kunststoffketten. Mit einem Gewicht von 2,9 kg im Fu\u00df stehen die betongef\u00fcllten St\u00e4nder sehr sicher und beugen einem Kippen oder ungew\u00fcnschtem Verschieben der Standpfosten entgegen. Die Kettenpfosten und die Ketten sind dank ihrer Signalfarben in Rot-Wei\u00df sehr gut sichtbar und daher auch als Markierungspfosten ideal.<\/p>\n<p><strong>Produktdetails:<\/strong><\/p>\n<ul class=\"bulletPoints\">\n<li>Kunststoff<\/li>\n<li>H\u00f6he: 870 mm<\/li>\n<li>Pfosten: \u00f8 40 mm<\/li>\n<li>Pfostenkappe mit 4 integrierten Kettenaufnahmen<\/li>\n<li>Gewicht pro Pfosten: 3 kg<\/li>\n<li>Fu\u00df: Aus Kunststoff, Betongef\u00fcllt, Schwarz<\/li>\n<li>Gewicht: ca. 2,9 kg<\/li>\n<li>Max. Pfostenabstand: ca. 2,5 m<\/li>\n<li>Max. Aufstelll\u00e4nge: ca. 10 m<\/li>\n<\/ul>\n<p><strong>Set besteht aus:<\/strong><\/p>\n<ul class=\"bulletPoints\">\n<li>6 Kettenst\u00e4ndern, Rot-Wei\u00df<\/li>\n<li>5 Kunststoffketten \u00e1 ca. 2 m, Rot-Wei\u00df<\/li>\n<li>10 Verbindungsgliedern<\/li>\n<li>10 Einh\u00e4ngehaken<\/li>\n<\/ul>\n<p><strong>Lagerbestand: 2x<\/strong><\/p>\n<\/div>\n","protected":false},"excerpt":{"rendered":"<p>Mit dem Absperrpfosten-Set mit passenden Ketten sind zur Absperrung oder als Markierungspfosten vielseitig einsetzbar. Das Set besteht aus 6 Kunststoffpfosten und 5 passenden Kunststoffketten. Mit einem Gewicht von 2,9 kg im Fu\u00df stehen die betongef\u00fcllten St\u00e4nder sehr sicher und beugen einem Kippen oder ungew\u00fcnschtem Verschieben der Standpfosten entgegen. Die Kettenpfosten und die Ketten sind dank [&hellip;]<\/p>\n","protected":false},"featured_media":3204,"template":"","meta":[],"product_brand":[],"product_cat":[89],"product_tag":[],"class_list":{"0":"post-2769","1":"product","2":"type-product","3":"status-publish","4":"has-post-thumbnail","6":"product_cat-unkategorisiert","8":"first","9":"instock","10":"purchasable","11":"product-type-simple"},"_links":{"self":[{"href":"https:\/\/sport-jugend-dresden.de\/spielkiste\/wp-json\/wp\/v2\/product\/2769","targetHints":{"allow":["GET"]}}],"collection":[{"href":"https:\/\/sport-jugend-dresden.de\/spielkiste\/wp-json\/wp\/v2\/product"}],"about":[{"href":"https:\/\/sport-jugend-dresden.de\/spielkiste\/wp-json\/wp\/v2\/types\/product"}],"version-history":[{"count":7,"href":"https:\/\/sport-jugend-dresden.de\/spielkiste\/wp-json\/wp\/v2\/product\/2769\/revisions"}],"predecessor-version":[{"id":3362,"href":"https:\/\/sport-jugend-dresden.de\/spielkiste\/wp-json\/wp\/v2\/product\/2769\/revisions\/3362"}],"wp:featuredmedia":[{"embeddable":true,"href":"https:\/\/sport-jugend-dresden.de\/spielkiste\/wp-json\/wp\/v2\/media\/3204"}],"wp:attachment":[{"href":"https:\/\/sport-jugend-dresden.de\/spielkiste\/wp-json\/wp\/v2\/media?parent=2769"}],"wp:term":[{"taxonomy":"product_brand","embeddable":true,"href":"https:\/\/sport-jugend-dresden.de\/spielkiste\/wp-json\/wp\/v2\/product_brand?post=2769"},{"taxonomy":"product_cat","embeddable":true,"href":"https:\/\/sport-jugend-dresden.de\/spielkiste\/wp-json\/wp\/v2\/product_cat?post=2769"},{"taxonomy":"product_tag","embeddable":true,"href":"https:\/\/sport-jugend-dresden.de\/spielkiste\/wp-json\/wp\/v2\/product_tag?post=2769"}],"curies":[{"name":"wp","href":"https:\/\/api.w.org\/{rel}","templated":true}]}}